{"id":887,"date":"2020-06-22T21:57:51","date_gmt":"2020-06-22T20:57:51","guid":{"rendered":"https:\/\/conocersevilla.com\/wp\/?post_type=product&#038;p=887"},"modified":"2026-02-05T13:38:02","modified_gmt":"2026-02-05T12:38:02","slug":"la-sevilla-del-29","status":"publish","type":"product","link":"https:\/\/conocersevilla.com\/wp\/producto\/la-sevilla-del-29\/","title":{"rendered":"La Sevilla del 29"},"content":{"rendered":"<h2>Descubrir una de las zonas con m\u00e1s encanto de Sevilla<\/h2>\n<p>1929 es la fecha clave para la configuraci\u00f3n urban\u00edstica actual de Sevilla. Se inaugura la esperada Exposici\u00f3n Iberoamericana, varias veces pospuesta por diversas circunstancias, y se remodelan los jardines donados por los Montpensier.<br \/>\nEste paseo se centra sobre este gran pulm\u00f3n verde, con sus secretos y curiosidades, adem\u00e1s de las grandes construcciones y reurbanizaciones aleda\u00f1as. El visitante podr\u00e1 ver documentos de la \u00e9poca.<\/p>\n<p><strong>Punto de encuentro<\/strong>:\u00a0parada autobuses tur\u00edsticos rojos junto a bar Citro\u00ebn\u00a0 (entrada del parque de Mar\u00eda Luisa)<br \/>\n<strong>Horario<\/strong>: Todos los d\u00edas a las 12 horas.<br \/>\n<strong>Precio<\/strong>: 15,00\u20ac (10\u20ac para nacidos o residentes en Sevilla capital, siempre presentando la documentaci\u00f3n acreditativa.)<\/p>\n","protected":false},"excerpt":{"rendered":"<h2>Descubrir una de las zonas con m\u00e1s encanto de Sevilla<\/h2>\n<p>1929 es la fecha clave para la configuraci\u00f3n urban\u00edstica actual de Sevilla. Se inaugura la esperada Exposici\u00f3n Iberoamericana, varias veces pospuesta por diversas circunstancias, y se remodelan los jardines donados por los Montpensier.<\/p>\n<p>Este paseo se centra sobre este gran pulm\u00f3n verde, con sus secretos y curiosidades, adem\u00e1s de las grandes construcciones y reurbanizaciones aleda\u00f1as.<\/p>\n","protected":false},"featured_media":8445,"comment_status":"closed","ping_status":"closed","template":"","meta":{"_et_pb_use_builder":"","_et_pb_old_content":"","_et_gb_content_width":""},"product_cat":[46],"product_tag":[],"yoast_head":"<!-- This site is optimized with the Yoast SEO plugin v20.5 - https:\/\/yoast.com\/wordpress\/plugins\/seo\/ -->\n<title>La Sevilla del 29 - Conocer Sevilla<\/title>\n<meta name=\"robots\" content=\"index, follow, max-snippet:-1, max-image-preview:large, max-video-preview:-1\" \/>\n<link rel=\"canonical\" href=\"https:\/\/conocersevilla.com\/wp\/la-sevilla-del-29\/\" \/>\n<meta property=\"og:locale\" content=\"es_ES\" \/>\n<meta property=\"og:type\" content=\"article\" \/>\n<meta property=\"og:title\" content=\"La Sevilla del 29 - Conocer Sevilla\" \/>\n<meta property=\"og:description\" content=\"Descubrir una de las zonas con m\u00e1s encanto de Sevilla 1929 es la fecha clave para la configuraci\u00f3n urban\u00edstica actual de Sevilla. Se inaugura la esperada Exposici\u00f3n Iberoamericana, varias veces pospuesta por diversas circunstancias, y se remodelan los jardines donados por los Montpensier.  Este paseo se centra sobre este gran pulm\u00f3n verde, con sus secretos y curiosidades, adem\u00e1s de las grandes construcciones y reurbanizaciones aleda\u00f1as.\" \/>\n<meta property=\"og:url\" content=\"https:\/\/conocersevilla.com\/wp\/la-sevilla-del-29\/\" \/>\n<meta property=\"og:site_name\" content=\"Conocer Sevilla\" \/>\n<meta property=\"article:publisher\" content=\"https:\/\/www.facebook.com\/conocersevilla.rutasculturales\/\" \/>\n<meta property=\"article:modified_time\" content=\"2026-02-05T12:38:02+00:00\" \/>\n<meta property=\"og:image\" content=\"https:\/\/conocersevilla.com\/wp\/wp-content\/uploads\/2020\/05\/La_sevilla_del_29.webp\" \/>\n\t<meta property=\"og:image:width\" content=\"780\" \/>\n\t<meta property=\"og:image:height\" content=\"614\" \/>\n\t<meta property=\"og:image:type\" content=\"image\/webp\" \/>\n<meta name=\"twitter:card\" content=\"summary_large_image\" \/>\n<meta name=\"twitter:site\" content=\"@conocersevilla1\" \/>\n<meta name=\"twitter:label1\" content=\"Tiempo de lectura\" \/>\n\t<meta name=\"twitter:data1\" content=\"1 minuto\" \/>\n<script type=\"application\/ld+json\" class=\"yoast-schema-graph\">{\"@context\":\"https:\/\/schema.org\",\"@graph\":[{\"@type\":\"WebPage\",\"@id\":\"https:\/\/conocersevilla.com\/wp\/producto\/la-sevilla-del-29\/\",\"url\":\"https:\/\/conocersevilla.com\/wp\/la-sevilla-del-29\/\",\"name\":\"La Sevilla del 29 - Conocer Sevilla\",\"isPartOf\":{\"@id\":\"https:\/\/conocersevilla.com\/wp\/#website\"},\"datePublished\":\"2020-06-22T20:57:51+00:00\",\"dateModified\":\"2026-02-05T12:38:02+00:00\",\"breadcrumb\":{\"@id\":\"https:\/\/conocersevilla.com\/wp\/la-sevilla-del-29\/#breadcrumb\"},\"inLanguage\":\"es\",\"potentialAction\":[{\"@type\":\"ReadAction\",\"target\":[\"https:\/\/conocersevilla.com\/wp\/la-sevilla-del-29\/\"]}]},{\"@type\":\"BreadcrumbList\",\"@id\":\"https:\/\/conocersevilla.com\/wp\/la-sevilla-del-29\/#breadcrumb\",\"itemListElement\":[{\"@type\":\"ListItem\",\"position\":1,\"name\":\"Portada\",\"item\":\"https:\/\/conocersevilla.com\/wp\/\"},{\"@type\":\"ListItem\",\"position\":2,\"name\":\"Tienda\",\"item\":\"https:\/\/conocersevilla.com\/wp\/tienda\/\"},{\"@type\":\"ListItem\",\"position\":3,\"name\":\"La Sevilla del 29\"}]},{\"@type\":\"WebSite\",\"@id\":\"https:\/\/conocersevilla.com\/wp\/#website\",\"url\":\"https:\/\/conocersevilla.com\/wp\/\",\"name\":\"Conocer Sevilla\",\"description\":\"Informaci\u00f3n, Eventos,  Actividades y Rutas\",\"publisher\":{\"@id\":\"https:\/\/conocersevilla.com\/wp\/#organization\"},\"potentialAction\":[{\"@type\":\"SearchAction\",\"target\":{\"@type\":\"EntryPoint\",\"urlTemplate\":\"https:\/\/conocersevilla.com\/wp\/?s={search_term_string}\"},\"query-input\":\"required name=search_term_string\"}],\"inLanguage\":\"es\"},{\"@type\":\"Organization\",\"@id\":\"https:\/\/conocersevilla.com\/wp\/#organization\",\"name\":\"Conocer Sevilla\",\"url\":\"https:\/\/conocersevilla.com\/wp\/\",\"logo\":{\"@type\":\"ImageObject\",\"inLanguage\":\"es\",\"@id\":\"https:\/\/conocersevilla.com\/wp\/#\/schema\/logo\/image\/\",\"url\":\"https:\/\/conocersevilla.com\/wp\/wp-content\/uploads\/2018\/06\/LOGO-CONOCERSEVILLA.jpg\",\"contentUrl\":\"https:\/\/conocersevilla.com\/wp\/wp-content\/uploads\/2018\/06\/LOGO-CONOCERSEVILLA.jpg\",\"width\":601,\"height\":601,\"caption\":\"Conocer Sevilla\"},\"image\":{\"@id\":\"https:\/\/conocersevilla.com\/wp\/#\/schema\/logo\/image\/\"},\"sameAs\":[\"https:\/\/www.facebook.com\/conocersevilla.rutasculturales\/\",\"https:\/\/twitter.com\/conocersevilla1\",\"https:\/\/www.instagram.com\/conocersevilla\/\",\"https:\/\/www.youtube.com\/channel\/UCTRvK4AMIu4BsciTW7S4ymQ\/\"]}]}<\/script>\n<!-- \/ Yoast SEO plugin. -->","yoast_head_json":{"title":"La Sevilla del 29 - Conocer Sevilla","robots":{"index":"index","follow":"follow","max-snippet":"max-snippet:-1","max-image-preview":"max-image-preview:large","max-video-preview":"max-video-preview:-1"},"canonical":"https:\/\/conocersevilla.com\/wp\/la-sevilla-del-29\/","og_locale":"es_ES","og_type":"article","og_title":"La Sevilla del 29 - Conocer Sevilla","og_description":"Descubrir una de las zonas con m\u00e1s encanto de Sevilla 1929 es la fecha clave para la configuraci\u00f3n urban\u00edstica actual de Sevilla. Se inaugura la esperada Exposici\u00f3n Iberoamericana, varias veces pospuesta por diversas circunstancias, y se remodelan los jardines donados por los Montpensier.  Este paseo se centra sobre este gran pulm\u00f3n verde, con sus secretos y curiosidades, adem\u00e1s de las grandes construcciones y reurbanizaciones aleda\u00f1as.","og_url":"https:\/\/conocersevilla.com\/wp\/la-sevilla-del-29\/","og_site_name":"Conocer Sevilla","article_publisher":"https:\/\/www.facebook.com\/conocersevilla.rutasculturales\/","article_modified_time":"2026-02-05T12:38:02+00:00","og_image":[{"width":780,"height":614,"url":"https:\/\/conocersevilla.com\/wp\/wp-content\/uploads\/2020\/05\/La_sevilla_del_29.webp","type":"image\/webp"}],"twitter_card":"summary_large_image","twitter_site":"@conocersevilla1","twitter_misc":{"Tiempo de lectura":"1 minuto"},"schema":{"@context":"https:\/\/schema.org","@graph":[{"@type":"WebPage","@id":"https:\/\/conocersevilla.com\/wp\/producto\/la-sevilla-del-29\/","url":"https:\/\/conocersevilla.com\/wp\/la-sevilla-del-29\/","name":"La Sevilla del 29 - Conocer Sevilla","isPartOf":{"@id":"https:\/\/conocersevilla.com\/wp\/#website"},"datePublished":"2020-06-22T20:57:51+00:00","dateModified":"2026-02-05T12:38:02+00:00","breadcrumb":{"@id":"https:\/\/conocersevilla.com\/wp\/la-sevilla-del-29\/#breadcrumb"},"inLanguage":"es","potentialAction":[{"@type":"ReadAction","target":["https:\/\/conocersevilla.com\/wp\/la-sevilla-del-29\/"]}]},{"@type":"BreadcrumbList","@id":"https:\/\/conocersevilla.com\/wp\/la-sevilla-del-29\/#breadcrumb","itemListElement":[{"@type":"ListItem","position":1,"name":"Portada","item":"https:\/\/conocersevilla.com\/wp\/"},{"@type":"ListItem","position":2,"name":"Tienda","item":"https:\/\/conocersevilla.com\/wp\/tienda\/"},{"@type":"ListItem","position":3,"name":"La Sevilla del 29"}]},{"@type":"WebSite","@id":"https:\/\/conocersevilla.com\/wp\/#website","url":"https:\/\/conocersevilla.com\/wp\/","name":"Conocer Sevilla","description":"Informaci\u00f3n, Eventos,  Actividades y Rutas","publisher":{"@id":"https:\/\/conocersevilla.com\/wp\/#organization"},"potentialAction":[{"@type":"SearchAction","target":{"@type":"EntryPoint","urlTemplate":"https:\/\/conocersevilla.com\/wp\/?s={search_term_string}"},"query-input":"required name=search_term_string"}],"inLanguage":"es"},{"@type":"Organization","@id":"https:\/\/conocersevilla.com\/wp\/#organization","name":"Conocer Sevilla","url":"https:\/\/conocersevilla.com\/wp\/","logo":{"@type":"ImageObject","inLanguage":"es","@id":"https:\/\/conocersevilla.com\/wp\/#\/schema\/logo\/image\/","url":"https:\/\/conocersevilla.com\/wp\/wp-content\/uploads\/2018\/06\/LOGO-CONOCERSEVILLA.jpg","contentUrl":"https:\/\/conocersevilla.com\/wp\/wp-content\/uploads\/2018\/06\/LOGO-CONOCERSEVILLA.jpg","width":601,"height":601,"caption":"Conocer Sevilla"},"image":{"@id":"https:\/\/conocersevilla.com\/wp\/#\/schema\/logo\/image\/"},"sameAs":["https:\/\/www.facebook.com\/conocersevilla.rutasculturales\/","https:\/\/twitter.com\/conocersevilla1","https:\/\/www.instagram.com\/conocersevilla\/","https:\/\/www.youtube.com\/channel\/UCTRvK4AMIu4BsciTW7S4ymQ\/"]}]}},"_links":{"self":[{"href":"https:\/\/conocersevilla.com\/wp\/wp-json\/wp\/v2\/product\/887"}],"collection":[{"href":"https:\/\/conocersevilla.com\/wp\/wp-json\/wp\/v2\/product"}],"about":[{"href":"https:\/\/conocersevilla.com\/wp\/wp-json\/wp\/v2\/types\/product"}],"replies":[{"embeddable":true,"href":"https:\/\/conocersevilla.com\/wp\/wp-json\/wp\/v2\/comments?post=887"}],"wp:featuredmedia":[{"embeddable":true,"href":"https:\/\/conocersevilla.com\/wp\/wp-json\/wp\/v2\/media\/8445"}],"wp:attachment":[{"href":"https:\/\/conocersevilla.com\/wp\/wp-json\/wp\/v2\/media?parent=887"}],"wp:term":[{"taxonomy":"product_cat","embeddable":true,"href":"https:\/\/conocersevilla.com\/wp\/wp-json\/wp\/v2\/product_cat?post=887"},{"taxonomy":"product_tag","embeddable":true,"href":"https:\/\/conocersevilla.com\/wp\/wp-json\/wp\/v2\/product_tag?post=887"}],"curies":[{"name":"wp","href":"https:\/\/api.w.org\/{rel}","templated":true}]}}