{"id":878,"date":"2020-06-22T21:41:45","date_gmt":"2020-06-22T20:41:45","guid":{"rendered":"https:\/\/conocersevilla.com\/wp\/?post_type=product&#038;p=878"},"modified":"2024-01-31T20:30:55","modified_gmt":"2024-01-31T19:30:55","slug":"visita-a-la-catedral-de-sevilla-e-iglesia-del-salvador","status":"publish","type":"product","link":"https:\/\/conocersevilla.com\/wp\/producto\/visita-a-la-catedral-de-sevilla-e-iglesia-del-salvador\/","title":{"rendered":"Visita a la Catedral de Sevilla e iglesia del Salvador"},"content":{"rendered":"<p>Sin duda la Catedral de Sevilla, la tambi\u00e9n llamada \u201cMagna Hispalensis\u201d es uno de esos edificios que nadie que venga a la ciudad puede perderse.<\/p>\n<p>En ella todo es sorprendente. Como pinacoteca, supera los 700 cuadros de una categor\u00eda art\u00edstica de primer orden; Su retablo es el mayor de la Cristiandad; es el edificio g\u00f3tico de mayor tama\u00f1o del mundo; sus sorprendentes estancias renacentistas; su fabulosa colecci\u00f3n de esculturas..\u00a0 y por supuesto la Giralda. En nuestra visita podemos hacer referencia a muchas visiones de la Catedral pero hemos dise\u00f1ada una ruta cultural, amena y muy completa que nos dejar\u00e1 boquiabiertos debido a la riqueza impresionante que alberga este incre\u00edble edificio.<\/p>\n<p>Recomendamos hacer la visita conjuntamente conjunta con\u00a0<strong>la iglesia del Salvador,<\/strong>\u00a0una de las joyas de Sevilla, su historia va unida a la ciudad fue antigua bas\u00edlica romana, templo visigodo, primera mezquita aljama y hoy uno de los templos barrocos m\u00e1s maravillosos de Europa con obras de Monta\u00f1\u00e9s, Juan de Mesa y algunos de los m\u00e1s bellos retablos construidos en el Barroco.<\/p>\n<p>El precio de la entrada de la Catedral incluye tambi\u00e9n la del templo Salvador, y el\u00a0<strong>precio de la visita de los dos monumentos son 20 euros<\/strong>.(Precio de la entrada no incluido en nuestro precio 13 euros por persona en taquilla para 2024(12 por web de la catedral m\u00e1s un euro por gastos de gesti\u00f3n), 7 para mayores de 65 a\u00f1os acreditados y estudiantes en taquilla. Menores de 14 a\u00f1os gratis).<\/p>\n","protected":false},"excerpt":{"rendered":"<p>Sin duda la Catedral de Sevilla, la tambi\u00e9n llamada \u201cMagna Hispalensis\u201d es uno de esos edificios que nadie que venga a la ciudad puede perderse.<\/p>\n<p>En ella todo es sorprendente. Como pinacoteca, supera los 700 cuadros de una categor\u00eda art\u00edstica de primer orden; Su retablo es el mayor de la Cristiandad; es el edificio g\u00f3tico de mayor tama\u00f1o del mundo; sus sorprendentes estancias renacentistas; su fabulosa colecci\u00f3n de esculturas..\u00a0 y por supuesto la Giralda.<\/p>\n","protected":false},"featured_media":879,"comment_status":"closed","ping_status":"closed","template":"","meta":{"_et_pb_use_builder":"","_et_pb_old_content":"","_et_gb_content_width":""},"product_cat":[46],"product_tag":[],"yoast_head":"<!-- This site is optimized with the Yoast SEO plugin v20.5 - https:\/\/yoast.com\/wordpress\/plugins\/seo\/ -->\n<title>Visita a la Catedral de Sevilla e iglesia del Salvador - Conocer Sevilla<\/title>\n<meta name=\"robots\" content=\"index, follow, max-snippet:-1, max-image-preview:large, max-video-preview:-1\" \/>\n<link rel=\"canonical\" href=\"https:\/\/conocersevilla.com\/wp\/producto\/visita-a-la-catedral-de-sevilla-e-iglesia-del-salvador\/\" \/>\n<meta property=\"og:locale\" content=\"es_ES\" \/>\n<meta property=\"og:type\" content=\"article\" \/>\n<meta property=\"og:title\" content=\"Visita a la Catedral de Sevilla e iglesia del Salvador - Conocer Sevilla\" \/>\n<meta property=\"og:description\" content=\"Sin duda la Catedral de Sevilla, la tambi\u00e9n llamada \u201cMagna Hispalensis\u201d es uno de esos edificios que nadie que venga a la ciudad puede perderse.  En ella todo es sorprendente. Como pinacoteca, supera los 700 cuadros de una categor\u00eda art\u00edstica de primer orden; Su retablo es el mayor de la Cristiandad; es el edificio g\u00f3tico de mayor tama\u00f1o del mundo; sus sorprendentes estancias renacentistas; su fabulosa colecci\u00f3n de esculturas..\u00a0 y por supuesto la Giralda.\" \/>\n<meta property=\"og:url\" content=\"https:\/\/conocersevilla.com\/wp\/producto\/visita-a-la-catedral-de-sevilla-e-iglesia-del-salvador\/\" \/>\n<meta property=\"og:site_name\" content=\"Conocer Sevilla\" \/>\n<meta property=\"article:publisher\" content=\"https:\/\/www.facebook.com\/conocersevilla.rutasculturales\/\" \/>\n<meta property=\"article:modified_time\" content=\"2024-01-31T19:30:55+00:00\" \/>\n<meta property=\"og:image\" content=\"https:\/\/conocersevilla.com\/wp\/wp-content\/uploads\/2020\/06\/vista-desde-el-trascoro.jpg\" \/>\n\t<meta property=\"og:image:width\" content=\"469\" \/>\n\t<meta property=\"og:image:height\" content=\"625\" \/>\n\t<meta property=\"og:image:type\" content=\"image\/jpeg\" \/>\n<meta name=\"twitter:card\" content=\"summary_large_image\" \/>\n<meta name=\"twitter:site\" content=\"@conocersevilla1\" \/>\n<meta name=\"twitter:label1\" content=\"Tiempo de lectura\" \/>\n\t<meta name=\"twitter:data1\" content=\"2 minutos\" \/>\n<script type=\"application\/ld+json\" class=\"yoast-schema-graph\">{\"@context\":\"https:\/\/schema.org\",\"@graph\":[{\"@type\":\"WebPage\",\"@id\":\"https:\/\/conocersevilla.com\/wp\/producto\/visita-a-la-catedral-de-sevilla-e-iglesia-del-salvador\/\",\"url\":\"https:\/\/conocersevilla.com\/wp\/producto\/visita-a-la-catedral-de-sevilla-e-iglesia-del-salvador\/\",\"name\":\"Visita a la Catedral de Sevilla e iglesia del Salvador - Conocer Sevilla\",\"isPartOf\":{\"@id\":\"https:\/\/conocersevilla.com\/wp\/#website\"},\"datePublished\":\"2020-06-22T20:41:45+00:00\",\"dateModified\":\"2024-01-31T19:30:55+00:00\",\"breadcrumb\":{\"@id\":\"https:\/\/conocersevilla.com\/wp\/producto\/visita-a-la-catedral-de-sevilla-e-iglesia-del-salvador\/#breadcrumb\"},\"inLanguage\":\"es\",\"potentialAction\":[{\"@type\":\"ReadAction\",\"target\":[\"https:\/\/conocersevilla.com\/wp\/producto\/visita-a-la-catedral-de-sevilla-e-iglesia-del-salvador\/\"]}]},{\"@type\":\"BreadcrumbList\",\"@id\":\"https:\/\/conocersevilla.com\/wp\/producto\/visita-a-la-catedral-de-sevilla-e-iglesia-del-salvador\/#breadcrumb\",\"itemListElement\":[{\"@type\":\"ListItem\",\"position\":1,\"name\":\"Portada\",\"item\":\"https:\/\/conocersevilla.com\/wp\/\"},{\"@type\":\"ListItem\",\"position\":2,\"name\":\"Tienda\",\"item\":\"https:\/\/conocersevilla.com\/wp\/tienda\/\"},{\"@type\":\"ListItem\",\"position\":3,\"name\":\"Visita a la Catedral de Sevilla e iglesia del Salvador\"}]},{\"@type\":\"WebSite\",\"@id\":\"https:\/\/conocersevilla.com\/wp\/#website\",\"url\":\"https:\/\/conocersevilla.com\/wp\/\",\"name\":\"Conocer Sevilla\",\"description\":\"Informaci\u00f3n, Eventos,  Actividades y Rutas\",\"publisher\":{\"@id\":\"https:\/\/conocersevilla.com\/wp\/#organization\"},\"potentialAction\":[{\"@type\":\"SearchAction\",\"target\":{\"@type\":\"EntryPoint\",\"urlTemplate\":\"https:\/\/conocersevilla.com\/wp\/?s={search_term_string}\"},\"query-input\":\"required name=search_term_string\"}],\"inLanguage\":\"es\"},{\"@type\":\"Organization\",\"@id\":\"https:\/\/conocersevilla.com\/wp\/#organization\",\"name\":\"Conocer Sevilla\",\"url\":\"https:\/\/conocersevilla.com\/wp\/\",\"logo\":{\"@type\":\"ImageObject\",\"inLanguage\":\"es\",\"@id\":\"https:\/\/conocersevilla.com\/wp\/#\/schema\/logo\/image\/\",\"url\":\"https:\/\/conocersevilla.com\/wp\/wp-content\/uploads\/2018\/06\/LOGO-CONOCERSEVILLA.jpg\",\"contentUrl\":\"https:\/\/conocersevilla.com\/wp\/wp-content\/uploads\/2018\/06\/LOGO-CONOCERSEVILLA.jpg\",\"width\":601,\"height\":601,\"caption\":\"Conocer Sevilla\"},\"image\":{\"@id\":\"https:\/\/conocersevilla.com\/wp\/#\/schema\/logo\/image\/\"},\"sameAs\":[\"https:\/\/www.facebook.com\/conocersevilla.rutasculturales\/\",\"https:\/\/twitter.com\/conocersevilla1\",\"https:\/\/www.instagram.com\/conocersevilla\/\",\"https:\/\/www.youtube.com\/channel\/UCTRvK4AMIu4BsciTW7S4ymQ\/\"]}]}<\/script>\n<!-- \/ Yoast SEO plugin. -->","yoast_head_json":{"title":"Visita a la Catedral de Sevilla e iglesia del Salvador - Conocer Sevilla","robots":{"index":"index","follow":"follow","max-snippet":"max-snippet:-1","max-image-preview":"max-image-preview:large","max-video-preview":"max-video-preview:-1"},"canonical":"https:\/\/conocersevilla.com\/wp\/producto\/visita-a-la-catedral-de-sevilla-e-iglesia-del-salvador\/","og_locale":"es_ES","og_type":"article","og_title":"Visita a la Catedral de Sevilla e iglesia del Salvador - Conocer Sevilla","og_description":"Sin duda la Catedral de Sevilla, la tambi\u00e9n llamada \u201cMagna Hispalensis\u201d es uno de esos edificios que nadie que venga a la ciudad puede perderse.  En ella todo es sorprendente. Como pinacoteca, supera los 700 cuadros de una categor\u00eda art\u00edstica de primer orden; Su retablo es el mayor de la Cristiandad; es el edificio g\u00f3tico de mayor tama\u00f1o del mundo; sus sorprendentes estancias renacentistas; su fabulosa colecci\u00f3n de esculturas..\u00a0 y por supuesto la Giralda.","og_url":"https:\/\/conocersevilla.com\/wp\/producto\/visita-a-la-catedral-de-sevilla-e-iglesia-del-salvador\/","og_site_name":"Conocer Sevilla","article_publisher":"https:\/\/www.facebook.com\/conocersevilla.rutasculturales\/","article_modified_time":"2024-01-31T19:30:55+00:00","og_image":[{"width":469,"height":625,"url":"https:\/\/conocersevilla.com\/wp\/wp-content\/uploads\/2020\/06\/vista-desde-el-trascoro.jpg","type":"image\/jpeg"}],"twitter_card":"summary_large_image","twitter_site":"@conocersevilla1","twitter_misc":{"Tiempo de lectura":"2 minutos"},"schema":{"@context":"https:\/\/schema.org","@graph":[{"@type":"WebPage","@id":"https:\/\/conocersevilla.com\/wp\/producto\/visita-a-la-catedral-de-sevilla-e-iglesia-del-salvador\/","url":"https:\/\/conocersevilla.com\/wp\/producto\/visita-a-la-catedral-de-sevilla-e-iglesia-del-salvador\/","name":"Visita a la Catedral de Sevilla e iglesia del Salvador - Conocer Sevilla","isPartOf":{"@id":"https:\/\/conocersevilla.com\/wp\/#website"},"datePublished":"2020-06-22T20:41:45+00:00","dateModified":"2024-01-31T19:30:55+00:00","breadcrumb":{"@id":"https:\/\/conocersevilla.com\/wp\/producto\/visita-a-la-catedral-de-sevilla-e-iglesia-del-salvador\/#breadcrumb"},"inLanguage":"es","potentialAction":[{"@type":"ReadAction","target":["https:\/\/conocersevilla.com\/wp\/producto\/visita-a-la-catedral-de-sevilla-e-iglesia-del-salvador\/"]}]},{"@type":"BreadcrumbList","@id":"https:\/\/conocersevilla.com\/wp\/producto\/visita-a-la-catedral-de-sevilla-e-iglesia-del-salvador\/#breadcrumb","itemListElement":[{"@type":"ListItem","position":1,"name":"Portada","item":"https:\/\/conocersevilla.com\/wp\/"},{"@type":"ListItem","position":2,"name":"Tienda","item":"https:\/\/conocersevilla.com\/wp\/tienda\/"},{"@type":"ListItem","position":3,"name":"Visita a la Catedral de Sevilla e iglesia del Salvador"}]},{"@type":"WebSite","@id":"https:\/\/conocersevilla.com\/wp\/#website","url":"https:\/\/conocersevilla.com\/wp\/","name":"Conocer Sevilla","description":"Informaci\u00f3n, Eventos,  Actividades y Rutas","publisher":{"@id":"https:\/\/conocersevilla.com\/wp\/#organization"},"potentialAction":[{"@type":"SearchAction","target":{"@type":"EntryPoint","urlTemplate":"https:\/\/conocersevilla.com\/wp\/?s={search_term_string}"},"query-input":"required name=search_term_string"}],"inLanguage":"es"},{"@type":"Organization","@id":"https:\/\/conocersevilla.com\/wp\/#organization","name":"Conocer Sevilla","url":"https:\/\/conocersevilla.com\/wp\/","logo":{"@type":"ImageObject","inLanguage":"es","@id":"https:\/\/conocersevilla.com\/wp\/#\/schema\/logo\/image\/","url":"https:\/\/conocersevilla.com\/wp\/wp-content\/uploads\/2018\/06\/LOGO-CONOCERSEVILLA.jpg","contentUrl":"https:\/\/conocersevilla.com\/wp\/wp-content\/uploads\/2018\/06\/LOGO-CONOCERSEVILLA.jpg","width":601,"height":601,"caption":"Conocer Sevilla"},"image":{"@id":"https:\/\/conocersevilla.com\/wp\/#\/schema\/logo\/image\/"},"sameAs":["https:\/\/www.facebook.com\/conocersevilla.rutasculturales\/","https:\/\/twitter.com\/conocersevilla1","https:\/\/www.instagram.com\/conocersevilla\/","https:\/\/www.youtube.com\/channel\/UCTRvK4AMIu4BsciTW7S4ymQ\/"]}]}},"_links":{"self":[{"href":"https:\/\/conocersevilla.com\/wp\/wp-json\/wp\/v2\/product\/878"}],"collection":[{"href":"https:\/\/conocersevilla.com\/wp\/wp-json\/wp\/v2\/product"}],"about":[{"href":"https:\/\/conocersevilla.com\/wp\/wp-json\/wp\/v2\/types\/product"}],"replies":[{"embeddable":true,"href":"https:\/\/conocersevilla.com\/wp\/wp-json\/wp\/v2\/comments?post=878"}],"wp:featuredmedia":[{"embeddable":true,"href":"https:\/\/conocersevilla.com\/wp\/wp-json\/wp\/v2\/media\/879"}],"wp:attachment":[{"href":"https:\/\/conocersevilla.com\/wp\/wp-json\/wp\/v2\/media?parent=878"}],"wp:term":[{"taxonomy":"product_cat","embeddable":true,"href":"https:\/\/conocersevilla.com\/wp\/wp-json\/wp\/v2\/product_cat?post=878"},{"taxonomy":"product_tag","embeddable":true,"href":"https:\/\/conocersevilla.com\/wp\/wp-json\/wp\/v2\/product_tag?post=878"}],"curies":[{"name":"wp","href":"https:\/\/api.w.org\/{rel}","templated":true}]}}