{"id":2778,"date":"2022-01-13T01:02:39","date_gmt":"2022-01-13T00:02:39","guid":{"rendered":"https:\/\/conocersevilla.com\/wp\/?post_type=product&#038;p=2778"},"modified":"2026-02-11T14:13:08","modified_gmt":"2026-02-11T13:13:08","slug":"la-generacion-del-27","status":"publish","type":"product","link":"https:\/\/conocersevilla.com\/wp\/producto\/la-generacion-del-27\/","title":{"rendered":"La Generaci\u00f3n del 27"},"content":{"rendered":"<p>Se ha hablado mucho de la\u00a0<strong>Generaci\u00f3n del 27<\/strong>\u00a0o la \u00e9poca de plata de la literatura espa\u00f1ola, en esta ruta conoceremos m\u00e1s sobre ese\u00a0 grupo de jovenes literatos que se uni\u00f3 en Sevilla con la idea de hacer un homenaje a G\u00f3ngora, ese cultista cordob\u00e9s tan poco valorado en su \u00e9poca, y al que el gran Quevedo ten\u00eda como uno de los blancos de sus cr\u00edticas.<\/p>\n<p>Visitaremos lugares relacionados con los protagonistas y conoceremos a fondo este evento crucial para el mundo de la literatura universal.<\/p>\n<p>En nuestro recorrido podremos ver como la ciudad de Sevilla marc\u00f3 a estos poetas de la\u00a0<strong>Generaci\u00f3n del 27<\/strong>\u00a0y como a\u00fan en sus calles podemos disfrutar del legado de estos grandes literatos, sus visiones sobre las costumbres de Sevilla y todo lo que ocurri\u00f3 aquel d\u00eda de diciembre .<\/p>\n<p>Recomendamos disfrutar de las otras\u00a0<a href=\"https:\/\/conocersevilla.com\/wp\/rutas-literarias\/\" target=\"_blank\" rel=\"noopener\">rutas literarias<\/a>\u00a0que tenemos dise\u00f1adas y con las que conoceremos diferentes \u00e9pocas literarias distintas a la que vemos en esta actividad.<\/p>\n<p><strong>Punto de encuentro<\/strong>:\u00a0<a href=\"http:\/\/g.co\/maps\/rv2uy\" target=\"_blank\" rel=\"noopener noreferrer\">Puerta del palacio de Yanduri.<\/a><br \/>\n<strong>Horario<\/strong>: Bajo petici\u00f3n.<br \/>\n<strong>Precio<\/strong>: 15,00\u20ac (10\u20ac para nacidos o residentes en Sevilla capital o provincia, siempre presentando la documentaci\u00f3n acreditativa.). Existe un precio especial reducido para grupos escolares<\/p>\n","protected":false},"excerpt":{"rendered":"<p>Se ha hablado mucho de la\u00a0Generaci\u00f3n del 27\u00a0o la \u00e9poca de plata de la literatura espa\u00f1ola, en esta ruta conoceremos m\u00e1s sobre ese\u00a0 grupo de jovenes literatos que se uni\u00f3 en Sevilla con la idea de hacer un homenaje a G\u00f3ngora, ese cultista cordob\u00e9s tan poco valorado en su \u00e9poca, y al que el gran [&hellip;]<\/p>\n","protected":false},"featured_media":99,"comment_status":"closed","ping_status":"closed","template":"","meta":{"_et_pb_use_builder":"","_et_pb_old_content":"","_et_gb_content_width":""},"product_cat":[47,46],"product_tag":[],"yoast_head":"<!-- This site is optimized with the Yoast SEO plugin v20.5 - https:\/\/yoast.com\/wordpress\/plugins\/seo\/ -->\n<title>La Generaci\u00f3n del 27 - Conocer Sevilla<\/title>\n<meta name=\"robots\" content=\"index, follow, max-snippet:-1, max-image-preview:large, max-video-preview:-1\" \/>\n<link rel=\"canonical\" href=\"https:\/\/conocersevilla.com\/wp\/producto\/la-generacion-del-27\/\" \/>\n<meta property=\"og:locale\" content=\"es_ES\" \/>\n<meta property=\"og:type\" content=\"article\" \/>\n<meta property=\"og:title\" content=\"La Generaci\u00f3n del 27 - Conocer Sevilla\" \/>\n<meta property=\"og:description\" content=\"Se ha hablado mucho de la\u00a0Generaci\u00f3n del 27\u00a0o la \u00e9poca de plata de la literatura espa\u00f1ola, en esta ruta conoceremos m\u00e1s sobre ese\u00a0 grupo de jovenes literatos que se uni\u00f3 en Sevilla con la idea de hacer un homenaje a G\u00f3ngora, ese cultista cordob\u00e9s tan poco valorado en su \u00e9poca, y al que el gran [&hellip;]\" \/>\n<meta property=\"og:url\" content=\"https:\/\/conocersevilla.com\/wp\/producto\/la-generacion-del-27\/\" \/>\n<meta property=\"og:site_name\" content=\"Conocer Sevilla\" \/>\n<meta property=\"article:publisher\" content=\"https:\/\/www.facebook.com\/conocersevilla.rutasculturales\/\" \/>\n<meta property=\"article:modified_time\" content=\"2026-02-11T13:13:08+00:00\" \/>\n<meta property=\"og:image\" content=\"https:\/\/conocersevilla.com\/wp\/wp-content\/uploads\/2018\/06\/gen27.jpg\" \/>\n\t<meta property=\"og:image:width\" content=\"555\" \/>\n\t<meta property=\"og:image:height\" content=\"370\" \/>\n\t<meta property=\"og:image:type\" content=\"image\/jpeg\" \/>\n<meta name=\"twitter:card\" content=\"summary_large_image\" \/>\n<meta name=\"twitter:site\" content=\"@conocersevilla1\" \/>\n<meta name=\"twitter:label1\" content=\"Tiempo de lectura\" \/>\n\t<meta name=\"twitter:data1\" content=\"1 minuto\" \/>\n<script type=\"application\/ld+json\" class=\"yoast-schema-graph\">{\"@context\":\"https:\/\/schema.org\",\"@graph\":[{\"@type\":\"WebPage\",\"@id\":\"https:\/\/conocersevilla.com\/wp\/producto\/la-generacion-del-27\/\",\"url\":\"https:\/\/conocersevilla.com\/wp\/producto\/la-generacion-del-27\/\",\"name\":\"La Generaci\u00f3n del 27 - Conocer Sevilla\",\"isPartOf\":{\"@id\":\"https:\/\/conocersevilla.com\/wp\/#website\"},\"datePublished\":\"2022-01-13T00:02:39+00:00\",\"dateModified\":\"2026-02-11T13:13:08+00:00\",\"breadcrumb\":{\"@id\":\"https:\/\/conocersevilla.com\/wp\/producto\/la-generacion-del-27\/#breadcrumb\"},\"inLanguage\":\"es\",\"potentialAction\":[{\"@type\":\"ReadAction\",\"target\":[\"https:\/\/conocersevilla.com\/wp\/producto\/la-generacion-del-27\/\"]}]},{\"@type\":\"BreadcrumbList\",\"@id\":\"https:\/\/conocersevilla.com\/wp\/producto\/la-generacion-del-27\/#breadcrumb\",\"itemListElement\":[{\"@type\":\"ListItem\",\"position\":1,\"name\":\"Portada\",\"item\":\"https:\/\/conocersevilla.com\/wp\/\"},{\"@type\":\"ListItem\",\"position\":2,\"name\":\"Tienda\",\"item\":\"https:\/\/conocersevilla.com\/wp\/tienda\/\"},{\"@type\":\"ListItem\",\"position\":3,\"name\":\"La Generaci\u00f3n del 27\"}]},{\"@type\":\"WebSite\",\"@id\":\"https:\/\/conocersevilla.com\/wp\/#website\",\"url\":\"https:\/\/conocersevilla.com\/wp\/\",\"name\":\"Conocer Sevilla\",\"description\":\"Informaci\u00f3n, Eventos,  Actividades y Rutas\",\"publisher\":{\"@id\":\"https:\/\/conocersevilla.com\/wp\/#organization\"},\"potentialAction\":[{\"@type\":\"SearchAction\",\"target\":{\"@type\":\"EntryPoint\",\"urlTemplate\":\"https:\/\/conocersevilla.com\/wp\/?s={search_term_string}\"},\"query-input\":\"required name=search_term_string\"}],\"inLanguage\":\"es\"},{\"@type\":\"Organization\",\"@id\":\"https:\/\/conocersevilla.com\/wp\/#organization\",\"name\":\"Conocer Sevilla\",\"url\":\"https:\/\/conocersevilla.com\/wp\/\",\"logo\":{\"@type\":\"ImageObject\",\"inLanguage\":\"es\",\"@id\":\"https:\/\/conocersevilla.com\/wp\/#\/schema\/logo\/image\/\",\"url\":\"https:\/\/conocersevilla.com\/wp\/wp-content\/uploads\/2018\/06\/LOGO-CONOCERSEVILLA.jpg\",\"contentUrl\":\"https:\/\/conocersevilla.com\/wp\/wp-content\/uploads\/2018\/06\/LOGO-CONOCERSEVILLA.jpg\",\"width\":601,\"height\":601,\"caption\":\"Conocer Sevilla\"},\"image\":{\"@id\":\"https:\/\/conocersevilla.com\/wp\/#\/schema\/logo\/image\/\"},\"sameAs\":[\"https:\/\/www.facebook.com\/conocersevilla.rutasculturales\/\",\"https:\/\/twitter.com\/conocersevilla1\",\"https:\/\/www.instagram.com\/conocersevilla\/\",\"https:\/\/www.youtube.com\/channel\/UCTRvK4AMIu4BsciTW7S4ymQ\/\"]}]}<\/script>\n<!-- \/ Yoast SEO plugin. -->","yoast_head_json":{"title":"La Generaci\u00f3n del 27 - Conocer Sevilla","robots":{"index":"index","follow":"follow","max-snippet":"max-snippet:-1","max-image-preview":"max-image-preview:large","max-video-preview":"max-video-preview:-1"},"canonical":"https:\/\/conocersevilla.com\/wp\/producto\/la-generacion-del-27\/","og_locale":"es_ES","og_type":"article","og_title":"La Generaci\u00f3n del 27 - Conocer Sevilla","og_description":"Se ha hablado mucho de la\u00a0Generaci\u00f3n del 27\u00a0o la \u00e9poca de plata de la literatura espa\u00f1ola, en esta ruta conoceremos m\u00e1s sobre ese\u00a0 grupo de jovenes literatos que se uni\u00f3 en Sevilla con la idea de hacer un homenaje a G\u00f3ngora, ese cultista cordob\u00e9s tan poco valorado en su \u00e9poca, y al que el gran [&hellip;]","og_url":"https:\/\/conocersevilla.com\/wp\/producto\/la-generacion-del-27\/","og_site_name":"Conocer Sevilla","article_publisher":"https:\/\/www.facebook.com\/conocersevilla.rutasculturales\/","article_modified_time":"2026-02-11T13:13:08+00:00","og_image":[{"width":555,"height":370,"url":"https:\/\/conocersevilla.com\/wp\/wp-content\/uploads\/2018\/06\/gen27.jpg","type":"image\/jpeg"}],"twitter_card":"summary_large_image","twitter_site":"@conocersevilla1","twitter_misc":{"Tiempo de lectura":"1 minuto"},"schema":{"@context":"https:\/\/schema.org","@graph":[{"@type":"WebPage","@id":"https:\/\/conocersevilla.com\/wp\/producto\/la-generacion-del-27\/","url":"https:\/\/conocersevilla.com\/wp\/producto\/la-generacion-del-27\/","name":"La Generaci\u00f3n del 27 - Conocer Sevilla","isPartOf":{"@id":"https:\/\/conocersevilla.com\/wp\/#website"},"datePublished":"2022-01-13T00:02:39+00:00","dateModified":"2026-02-11T13:13:08+00:00","breadcrumb":{"@id":"https:\/\/conocersevilla.com\/wp\/producto\/la-generacion-del-27\/#breadcrumb"},"inLanguage":"es","potentialAction":[{"@type":"ReadAction","target":["https:\/\/conocersevilla.com\/wp\/producto\/la-generacion-del-27\/"]}]},{"@type":"BreadcrumbList","@id":"https:\/\/conocersevilla.com\/wp\/producto\/la-generacion-del-27\/#breadcrumb","itemListElement":[{"@type":"ListItem","position":1,"name":"Portada","item":"https:\/\/conocersevilla.com\/wp\/"},{"@type":"ListItem","position":2,"name":"Tienda","item":"https:\/\/conocersevilla.com\/wp\/tienda\/"},{"@type":"ListItem","position":3,"name":"La Generaci\u00f3n del 27"}]},{"@type":"WebSite","@id":"https:\/\/conocersevilla.com\/wp\/#website","url":"https:\/\/conocersevilla.com\/wp\/","name":"Conocer Sevilla","description":"Informaci\u00f3n, Eventos,  Actividades y Rutas","publisher":{"@id":"https:\/\/conocersevilla.com\/wp\/#organization"},"potentialAction":[{"@type":"SearchAction","target":{"@type":"EntryPoint","urlTemplate":"https:\/\/conocersevilla.com\/wp\/?s={search_term_string}"},"query-input":"required name=search_term_string"}],"inLanguage":"es"},{"@type":"Organization","@id":"https:\/\/conocersevilla.com\/wp\/#organization","name":"Conocer Sevilla","url":"https:\/\/conocersevilla.com\/wp\/","logo":{"@type":"ImageObject","inLanguage":"es","@id":"https:\/\/conocersevilla.com\/wp\/#\/schema\/logo\/image\/","url":"https:\/\/conocersevilla.com\/wp\/wp-content\/uploads\/2018\/06\/LOGO-CONOCERSEVILLA.jpg","contentUrl":"https:\/\/conocersevilla.com\/wp\/wp-content\/uploads\/2018\/06\/LOGO-CONOCERSEVILLA.jpg","width":601,"height":601,"caption":"Conocer Sevilla"},"image":{"@id":"https:\/\/conocersevilla.com\/wp\/#\/schema\/logo\/image\/"},"sameAs":["https:\/\/www.facebook.com\/conocersevilla.rutasculturales\/","https:\/\/twitter.com\/conocersevilla1","https:\/\/www.instagram.com\/conocersevilla\/","https:\/\/www.youtube.com\/channel\/UCTRvK4AMIu4BsciTW7S4ymQ\/"]}]}},"_links":{"self":[{"href":"https:\/\/conocersevilla.com\/wp\/wp-json\/wp\/v2\/product\/2778"}],"collection":[{"href":"https:\/\/conocersevilla.com\/wp\/wp-json\/wp\/v2\/product"}],"about":[{"href":"https:\/\/conocersevilla.com\/wp\/wp-json\/wp\/v2\/types\/product"}],"replies":[{"embeddable":true,"href":"https:\/\/conocersevilla.com\/wp\/wp-json\/wp\/v2\/comments?post=2778"}],"wp:featuredmedia":[{"embeddable":true,"href":"https:\/\/conocersevilla.com\/wp\/wp-json\/wp\/v2\/media\/99"}],"wp:attachment":[{"href":"https:\/\/conocersevilla.com\/wp\/wp-json\/wp\/v2\/media?parent=2778"}],"wp:term":[{"taxonomy":"product_cat","embeddable":true,"href":"https:\/\/conocersevilla.com\/wp\/wp-json\/wp\/v2\/product_cat?post=2778"},{"taxonomy":"product_tag","embeddable":true,"href":"https:\/\/conocersevilla.com\/wp\/wp-json\/wp\/v2\/product_tag?post=2778"}],"curies":[{"name":"wp","href":"https:\/\/api.w.org\/{rel}","templated":true}]}}